{"id":4157,"date":"2021-04-29T07:38:32","date_gmt":"2021-04-29T07:38:32","guid":{"rendered":"http:\/\/gekave.nl\/productos\/el-collarin-de-perforacion\/"},"modified":"2021-06-28T08:26:26","modified_gmt":"2021-06-28T08:26:26","slug":"el-collarin-de-perforacion","status":"publish","type":"page","link":"https:\/\/gekave.nl\/es\/productos\/el-collarin-de-perforacion\/","title":{"rendered":"El collar\u00edn de perforaci\u00f3n"},"content":{"rendered":"<p>[et_pb_section fb_built=\u00bb1&#8243; admin_label=\u00bbHeader\u00bb module_class=\u00bbhome3-header\u00bb _builder_version=\u00bb4.9.2&#8243; background_color=\u00bbrgba(0,0,0,0)\u00bb use_background_color_gradient=\u00bbon\u00bb background_color_gradient_start=\u00bbrgba(136,136,136,0.81)\u00bb background_color_gradient_end=\u00bbrgba(0,0,0,0)\u00bb background_color_gradient_start_position=\u00bb100%\u00bb background_color_gradient_overlays_image=\u00bbon\u00bb background_image=\u00bbhttps:\/\/gekave.nl\/wp-content\/uploads\/2021\/03\/Gekave-bedrijfspand.jpg\u00bb background_enable_video_mp4=\u00bboff\u00bb custom_margin=\u00bb||||false\u00bb custom_padding=\u00bb3vw||3vw||false|false\u00bb locked=\u00bboff\u00bb][et_pb_row use_custom_gutter=\u00bbon\u00bb gutter_width=\u00bb1&#8243; _builder_version=\u00bb4.7.7&#8243; width=\u00bb100%\u00bb max_width=\u00bb70%\u00bb module_alignment=\u00bbcenter\u00bb custom_margin=\u00bb||||false|false\u00bb use_custom_width=\u00bbon\u00bb custom_width_px=\u00bb700px\u00bb][et_pb_column type=\u00bb4_4&#8243; _builder_version=\u00bb3.25&#8243; custom_padding=\u00bb|||\u00bb custom_padding__hover=\u00bb|||\u00bb][et_pb_text _builder_version=\u00bb4.8.1&#8243; text_font=\u00bb||||||||\u00bb header_font=\u00bb|700|||||||\u00bb header_font_size=\u00bb48px\u00bb header_line_height=\u00bb1.5em\u00bb header_3_font=\u00bb|700|||||||\u00bb header_3_text_color=\u00bb#005ea1&#8243; header_3_font_size=\u00bb14px\u00bb header_3_letter_spacing=\u00bb2px\u00bb header_3_line_height=\u00bb2em\u00bb background_layout=\u00bbdark\u00bb header_font_size_tablet=\u00bb38px\u00bb header_font_size_phone=\u00bb28px\u00bb header_font_size_last_edited=\u00bbon|phone\u00bb]<\/p>\n<h3>Acero inoxidable de Gekave<\/h3>\n<h1>El collar\u00edn de perforaci\u00f3n<\/h1>\n<p>[\/et_pb_text][et_pb_divider color=\u00bb#005ea1&#8243; divider_weight=\u00bb4px\u00bb _builder_version=\u00bb4.7.7&#8243; max_width=\u00bb140px\u00bb module_alignment=\u00bbleft\u00bb height=\u00bb4px\u00bb][\/et_pb_divider][\/et_pb_column][\/et_pb_row][\/et_pb_section][et_pb_section fb_built=\u00bb1&#8243; admin_label=\u00bbContact Info\u00bb module_class=\u00bbproduct-rij-home3&#8243; _builder_version=\u00bb4.7.7&#8243;][et_pb_row _builder_version=\u00bb4.8.2&#8243; background_color=\u00bb#ffffff\u00bb width=\u00bb100%\u00bb max_width=\u00bb70%\u00bb max_width_tablet=\u00bb\u00bb max_width_phone=\u00bb90%\u00bb max_width_last_edited=\u00bbon|phone\u00bb custom_margin=\u00bb-4px|auto||auto||\u00bb custom_padding=\u00bb30px|40px|30px|40px|true|true\u00bb animation_style=\u00bbzoom\u00bb animation_intensity_zoom=\u00bb20%\u00bb border_width_all=\u00bb3px\u00bb border_color_all=\u00bb#eff5f7&#8243; box_shadow_style=\u00bbpreset3&#8243; box_shadow_vertical=\u00bb40px\u00bb box_shadow_blur=\u00bb60px\u00bb box_shadow_spread=\u00bb-10px\u00bb box_shadow_color=\u00bbrgba(0,0,0,0.03)\u00bb use_custom_width=\u00bbon\u00bb custom_width_px=\u00bb1280px\u00bb locked=\u00bboff\u00bb][et_pb_column type=\u00bb4_4&#8243; _builder_version=\u00bb3.25&#8243; custom_padding=\u00bb|||\u00bb custom_padding__hover=\u00bb|||\u00bb][et_pb_text _builder_version=\u00bb4.8.1&#8243; _module_preset=\u00bbdefault\u00bb]<\/p>\n<p>Los collarines de derivaci\u00f3n de Gekave se emplean para realizar conexiones y derivaciones con v\u00e1lvulas, llaves de paso y tuber\u00edas. El collar\u00edn de derivaci\u00f3n de Gekave se puede utilizar para reparar tuber\u00edas de agua, tuber\u00edas de gas y tuber\u00edas para conducci\u00f3n de l\u00edquidos petroqu\u00edmicos.<\/p>\n<p>El collar\u00edn de derivaci\u00f3n est\u00e1 disponible con derivaciones especiales. El collar\u00edn de derivaci\u00f3n de Gekave se puede emplear para pr\u00e1cticamente todos los tipos de tuber\u00edas.<\/p>\n<p>[\/et_pb_text][\/et_pb_column][\/et_pb_row][et_pb_row column_structure=\u00bb1_4,1_4,1_4,1_4&#8243; _builder_version=\u00bb4.8.2&#8243; background_color=\u00bb#ffffff\u00bb width=\u00bb100%\u00bb max_width=\u00bb70%\u00bb max_width_tablet=\u00bb\u00bb max_width_phone=\u00bb90%\u00bb max_width_last_edited=\u00bbon|phone\u00bb custom_margin=\u00bb-4px|auto||auto||\u00bb custom_padding=\u00bb30px|40px|30px|40px|true|true\u00bb animation_style=\u00bbzoom\u00bb animation_intensity_zoom=\u00bb20%\u00bb border_color_all=\u00bb#eff5f7&#8243; border_width_right=\u00bb3px\u00bb border_width_bottom=\u00bb3px\u00bb border_width_left=\u00bb3px\u00bb box_shadow_style=\u00bbpreset3&#8243; box_shadow_vertical=\u00bb40px\u00bb box_shadow_blur=\u00bb60px\u00bb box_shadow_spread=\u00bb-10px\u00bb box_shadow_color=\u00bbrgba(0,0,0,0.03)\u00bb use_custom_width=\u00bbon\u00bb custom_width_px=\u00bb1280px\u00bb][et_pb_column type=\u00bb1_4&#8243; _builder_version=\u00bb3.25&#8243; custom_padding=\u00bb|||\u00bb custom_padding__hover=\u00bb|||\u00bb][et_pb_blurb title=\u00bbRVZ\u00bb url=\u00bb@ET-DC@eyJkeW5hbWljIjp0cnVlLCJjb250ZW50IjoicG9zdF9saW5rX3VybF9wYWdlIiwic2V0dGluZ3MiOnsicG9zdF9pZCI6IjI2NTUifX0=@\u00bb image=\u00bbhttps:\/\/gekave.nl\/wp-content\/uploads\/2021\/04\/Gekave-roestvastalen-aanboorzadel-type-RVZ.jpg\u00bb alt=\u00bbEl collar\u00edn de perforaci\u00f3n de acero inoxidable Gekave estilo RVZ\u00bb image_max_width=\u00bb60%\u00bb content_max_width=\u00bb100%\u00bb image_max_width_tablet=\u00bb60px\u00bb image_max_width_phone=\u00bb80%\u00bb image_max_width_last_edited=\u00bbon|tablet\u00bb _builder_version=\u00bb4.9.3&#8243; _dynamic_attributes=\u00bburl\u00bb header_level=\u00bbh2&#8243; header_font=\u00bb|700|||||||\u00bb header_text_color=\u00bb#005ea1&#8243; header_font_size=\u00bb16px\u00bb header_line_height=\u00bb2em\u00bb body_font=\u00bb||||||||\u00bb body_link_font=\u00bb|600|||||||\u00bb body_link_text_color=\u00bb#005ea1&#8243; text_orientation=\u00bbcenter\u00bb hover_enabled=\u00bb0&#8243; body_font_size_tablet=\u00bb12px\u00bb body_font_size_phone=\u00bb\u00bb body_font_size_last_edited=\u00bbon|tablet\u00bb locked=\u00bboff\u00bb transform_styles__hover_enabled=\u00bbon|hover\u00bb transform_scale__hover=\u00bb110%|110%\u00bb transform_scale__hover_enabled=\u00bbon|hover\u00bb transform_translate__hover_enabled=\u00bbon|desktop\u00bb transform_rotate__hover_enabled=\u00bbon|desktop\u00bb transform_skew__hover_enabled=\u00bbon|desktop\u00bb transform_origin__hover_enabled=\u00bbon|desktop\u00bb background__hover_enabled=\u00bbon|hover\u00bb background_enable_color__hover=\u00bboff\u00bb title_text=\u00bbGekave roestvastalen aanboorzadel type RVZ\u00bb sticky_enabled=\u00bb0&#8243;]<\/p>\n<p><strong>El collar\u00edn de perforaci\u00f3n de acero inoxidable<\/strong><\/p>\n<p>[\/et_pb_blurb][\/et_pb_column][et_pb_column type=\u00bb1_4&#8243; _builder_version=\u00bb3.25&#8243; custom_padding=\u00bb|||\u00bb custom_padding__hover=\u00bb|||\u00bb][et_pb_blurb title=\u00bbCollar\u00edn De Alineaci\u00f3n Z-Combi\u00bb url=\u00bb@ET-DC@eyJkeW5hbWljIjp0cnVlLCJjb250ZW50IjoicG9zdF9saW5rX3VybF9wYWdlIiwic2V0dGluZ3MiOnsicG9zdF9pZCI6IjI2NjEifX0=@\u00bb image=\u00bbhttps:\/\/gekave.nl\/wp-content\/uploads\/2021\/01\/Gekave-Z-combi-zadels.jpg\u00bb alt=\u00bbCollar\u00edn De Alineaci\u00f3n Z-Combi Gekave\u00bb image_max_width=\u00bb60%\u00bb content_max_width=\u00bb100%\u00bb image_max_width_tablet=\u00bb60px\u00bb image_max_width_phone=\u00bb80%\u00bb image_max_width_last_edited=\u00bbon|tablet\u00bb _builder_version=\u00bb4.8.2&#8243; _dynamic_attributes=\u00bburl\u00bb header_level=\u00bbh2&#8243; header_font=\u00bb|700|||||||\u00bb header_text_color=\u00bb#005ea1&#8243; header_font_size=\u00bb16px\u00bb header_line_height=\u00bb2em\u00bb body_font=\u00bb||||||||\u00bb body_link_font=\u00bb|600|||||||\u00bb body_link_text_color=\u00bb#005ea1&#8243; text_orientation=\u00bbcenter\u00bb body_font_size_tablet=\u00bb12px\u00bb body_font_size_phone=\u00bb\u00bb body_font_size_last_edited=\u00bbon|tablet\u00bb locked=\u00bboff\u00bb transform_styles__hover_enabled=\u00bbon|hover\u00bb transform_scale__hover=\u00bb110%|110%\u00bb transform_scale__hover_enabled=\u00bbon|hover\u00bb transform_translate__hover_enabled=\u00bbon|desktop\u00bb transform_rotate__hover_enabled=\u00bbon|desktop\u00bb transform_skew__hover_enabled=\u00bbon|desktop\u00bb transform_origin__hover_enabled=\u00bbon|desktop\u00bb background__hover_enabled=\u00bbon|hover\u00bb background_enable_color__hover=\u00bboff\u00bb]<\/p>\n<p><strong>El collar\u00edn de perforaci\u00f3n de acero inoxidable<\/strong><\/p>\n<p>[\/et_pb_blurb][\/et_pb_column][et_pb_column type=\u00bb1_4&#8243; _builder_version=\u00bb3.25&#8243; custom_padding=\u00bb|||\u00bb custom_padding__hover=\u00bb|||\u00bb][\/et_pb_column][et_pb_column type=\u00bb1_4&#8243; _builder_version=\u00bb3.25&#8243; custom_padding=\u00bb|||\u00bb custom_padding__hover=\u00bb|||\u00bb][\/et_pb_column][\/et_pb_row][\/et_pb_section][et_pb_section fb_built=\u00bb1&#8243; _builder_version=\u00bb4.8.1&#8243; _module_preset=\u00bbdefault\u00bb background_color=\u00bb#005EA1&#8243; locked=\u00bboff\u00bb][et_pb_row _builder_version=\u00bb4.8.1&#8243; _module_preset=\u00bbdefault\u00bb][et_pb_column type=\u00bb4_4&#8243; _builder_version=\u00bb4.8.1&#8243; _module_preset=\u00bbdefault\u00bb][et_pb_text _builder_version=\u00bb4.8.2&#8243; text_font=\u00bb||||||||\u00bb text_text_color=\u00bb#FFFFFF\u00bb text_font_size=\u00bb15px\u00bb text_line_height=\u00bb2em\u00bb header_font=\u00bb||||||||\u00bb header_2_font=\u00bb|700|||||||\u00bb header_2_text_align=\u00bbcenter\u00bb header_2_text_color=\u00bb#FFFFFF\u00bb header_2_font_size=\u00bb42px\u00bb header_2_line_height=\u00bb1.5em\u00bb header_3_font=\u00bb|700|||||||\u00bb header_3_text_align=\u00bbcenter\u00bb header_3_text_color=\u00bb#FFFFFF\u00bb header_3_font_size=\u00bb14px\u00bb header_3_letter_spacing=\u00bb2px\u00bb header_3_line_height=\u00bb2em\u00bb text_orientation=\u00bbcenter\u00bb text_font_size_tablet=\u00bb\u00bb text_font_size_phone=\u00bb14px\u00bb text_font_size_last_edited=\u00bbon|phone\u00bb header_2_font_size_tablet=\u00bb32px\u00bb header_2_font_size_phone=\u00bb22px\u00bb header_2_font_size_last_edited=\u00bbon|phone\u00bb]<\/p>\n<h3>Gekave international BV<\/h3>\n<h2>\u00bfPreguntas para nosotros?<\/h2>\n<p>Para obtener m\u00e1s informaci\u00f3n o una oferta a medida, \u00a1cont\u00e1ctenos![\/et_pb_text][et_pb_button button_url=\u00bb@ET-DC@eyJkeW5hbWljIjp0cnVlLCJjb250ZW50IjoicG9zdF9saW5rX3VybF9wYWdlIiwic2V0dGluZ3MiOnsicG9zdF9pZCI6IjIzMTkifX0=@\u00bb button_text=\u00bbCont\u00e1ctenos\u00bb button_alignment=\u00bbcenter\u00bb _builder_version=\u00bb4.8.1&#8243; _dynamic_attributes=\u00bbbutton_url\u00bb custom_button=\u00bbon\u00bb button_text_size=\u00bb12px\u00bb button_text_color=\u00bb#005EA1&#8243; button_bg_color=\u00bb#FFFFFF\u00bb button_border_color=\u00bbrgba(0,0,0,0)\u00bb button_border_radius=\u00bb0px\u00bb button_letter_spacing=\u00bb2px\u00bb button_font=\u00bb|700||on|||||\u00bb button_use_icon=\u00bboff\u00bb custom_padding=\u00bb16px|32px|16px|32px|true|true\u00bb box_shadow_style=\u00bbpreset1&#8243; box_shadow_blur=\u00bb8px\u00bb box_shadow_spread=\u00bb-1px\u00bb box_shadow_color=\u00bb#686868&#8243; button_letter_spacing_hover=\u00bb2px\u00bb locked=\u00bboff\u00bb button_text_size__hover_enabled=\u00bboff\u00bb button_one_text_size__hover_enabled=\u00bboff\u00bb button_two_text_size__hover_enabled=\u00bboff\u00bb button_text_color__hover_enabled=\u00bbon|desktop\u00bb button_one_text_color__hover_enabled=\u00bboff\u00bb button_two_text_color__hover_enabled=\u00bboff\u00bb button_border_width__hover_enabled=\u00bboff\u00bb button_one_border_width__hover_enabled=\u00bboff\u00bb button_two_border_width__hover_enabled=\u00bboff\u00bb button_border_color__hover_enabled=\u00bboff\u00bb button_one_border_color__hover_enabled=\u00bboff\u00bb button_two_border_color__hover_enabled=\u00bboff\u00bb button_border_radius__hover_enabled=\u00bboff\u00bb button_one_border_radius__hover_enabled=\u00bboff\u00bb button_two_border_radius__hover_enabled=\u00bboff\u00bb button_letter_spacing__hover_enabled=\u00bbon\u00bb button_letter_spacing__hover=\u00bb2px\u00bb button_one_letter_spacing__hover_enabled=\u00bboff\u00bb button_two_letter_spacing__hover_enabled=\u00bboff\u00bb button_bg_color__hover_enabled=\u00bbon|hover\u00bb button_one_bg_color__hover_enabled=\u00bboff\u00bb button_two_bg_color__hover_enabled=\u00bboff\u00bb button_text_color__hover=\u00bb#FFFFFF\u00bb button_bg_color__hover=\u00bb#1fb6e9&#8243; button_bg_enable_color__hover=\u00bbon\u00bb][\/et_pb_button][\/et_pb_column][\/et_pb_row][\/et_pb_section]<\/p>\n","protected":false},"excerpt":{"rendered":"<p>[et_pb_section fb_built=\u00bb1&#8243; admin_label=\u00bbHeader\u00bb module_class=\u00bbhome3-header\u00bb _builder_version=\u00bb4.9.2&#8243; background_color=\u00bbrgba(0,0,0,0)\u00bb use_background_color_gradient=\u00bbon\u00bb background_color_gradient_start=\u00bbrgba(136,136,136,0.81)\u00bb background_color_gradient_end=\u00bbrgba(0,0,0,0)\u00bb background_color_gradient_start_position=\u00bb100%\u00bb background_color_gradient_overlays_image=\u00bbon\u00bb background_image=\u00bbhttps:\/\/gekave.nl\/wp-content\/uploads\/2021\/03\/Gekave-bedrijfspand.jpg\u00bb background_enable_video_mp4=\u00bboff\u00bb custom_margin=\u00bb||||false\u00bb custom_padding=\u00bb3vw||3vw||false|false\u00bb locked=\u00bboff\u00bb][et_pb_row use_custom_gutter=\u00bbon\u00bb gutter_width=\u00bb1&#8243; _builder_version=\u00bb4.7.7&#8243; width=\u00bb100%\u00bb max_width=\u00bb70%\u00bb module_alignment=\u00bbcenter\u00bb custom_margin=\u00bb||||false|false\u00bb use_custom_width=\u00bbon\u00bb custom_width_px=\u00bb700px\u00bb][et_pb_column type=\u00bb4_4&#8243; _builder_version=\u00bb3.25&#8243; custom_padding=\u00bb|||\u00bb custom_padding__hover=\u00bb|||\u00bb][et_pb_text _builder_version=\u00bb4.8.1&#8243; text_font=\u00bb||||||||\u00bb header_font=\u00bb|700|||||||\u00bb header_font_size=\u00bb48px\u00bb header_line_height=\u00bb1.5em\u00bb header_3_font=\u00bb|700|||||||\u00bb header_3_text_color=\u00bb#005ea1&#8243; header_3_font_size=\u00bb14px\u00bb header_3_letter_spacing=\u00bb2px\u00bb header_3_line_height=\u00bb2em\u00bb background_layout=\u00bbdark\u00bb header_font_size_tablet=\u00bb38px\u00bb header_font_size_phone=\u00bb28px\u00bb header_font_size_last_edited=\u00bbon|phone\u00bb] Acero inoxidable de Gekave El collar\u00edn de perforaci\u00f3n [\/et_pb_text][et_pb_divider color=\u00bb#005ea1&#8243; divider_weight=\u00bb4px\u00bb _builder_version=\u00bb4.7.7&#8243; [&hellip;]<\/p>\n","protected":false},"author":1,"featured_media":0,"parent":4140,"menu_order":0,"comment_status":"closed","ping_status":"closed","template":"","meta":{"_et_pb_use_builder":"on","_et_pb_old_content":"","_et_gb_content_width":"","footnotes":""},"class_list":["post-4157","page","type-page","status-publish","hentry"],"yoast_head":"<!-- This site is optimized with the Yoast SEO plugin v27.3 - https:\/\/yoast.com\/product\/yoast-seo-wordpress\/ -->\n<title>El collar\u00edn de perforaci\u00f3n - Gekave<\/title>\n<meta name=\"robots\" content=\"index, follow, max-snippet:-1, max-image-preview:large, max-video-preview:-1\" \/>\n<link rel=\"canonical\" href=\"https:\/\/gekave.nl\/es\/productos\/el-collarin-de-perforacion\/\" \/>\n<meta property=\"og:locale\" content=\"es_ES\" \/>\n<meta property=\"og:type\" content=\"article\" \/>\n<meta property=\"og:title\" content=\"El collar\u00edn de perforaci\u00f3n - Gekave\" \/>\n<meta property=\"og:description\" content=\"[et_pb_section fb_built=\u00bb1&#8243; admin_label=\u00bbHeader\u00bb module_class=\u00bbhome3-header\u00bb _builder_version=\u00bb4.9.2&#8243; background_color=\u00bbrgba(0,0,0,0)\u00bb use_background_color_gradient=\u00bbon\u00bb background_color_gradient_start=\u00bbrgba(136,136,136,0.81)\u00bb background_color_gradient_end=\u00bbrgba(0,0,0,0)\u00bb background_color_gradient_start_position=\u00bb100%\u00bb background_color_gradient_overlays_image=\u00bbon\u00bb background_image=\u00bbhttps:\/\/gekave.nl\/wp-content\/uploads\/2021\/03\/Gekave-bedrijfspand.jpg\u00bb background_enable_video_mp4=\u00bboff\u00bb custom_margin=\u00bb||||false\u00bb custom_padding=\u00bb3vw||3vw||false|false\u00bb locked=\u00bboff\u00bb][et_pb_row use_custom_gutter=\u00bbon\u00bb gutter_width=\u00bb1&#8243; _builder_version=\u00bb4.7.7&#8243; width=\u00bb100%\u00bb max_width=\u00bb70%\u00bb module_alignment=\u00bbcenter\u00bb custom_margin=\u00bb||||false|false\u00bb use_custom_width=\u00bbon\u00bb custom_width_px=\u00bb700px\u00bb][et_pb_column type=\u00bb4_4&#8243; _builder_version=\u00bb3.25&#8243; custom_padding=\u00bb|||\u00bb custom_padding__hover=\u00bb|||\u00bb][et_pb_text _builder_version=\u00bb4.8.1&#8243; text_font=\u00bb||||||||\u00bb header_font=\u00bb|700|||||||\u00bb header_font_size=\u00bb48px\u00bb header_line_height=\u00bb1.5em\u00bb header_3_font=\u00bb|700|||||||\u00bb header_3_text_color=\u00bb#005ea1&#8243; header_3_font_size=\u00bb14px\u00bb header_3_letter_spacing=\u00bb2px\u00bb header_3_line_height=\u00bb2em\u00bb background_layout=\u00bbdark\u00bb header_font_size_tablet=\u00bb38px\u00bb header_font_size_phone=\u00bb28px\u00bb header_font_size_last_edited=\u00bbon|phone\u00bb] Acero inoxidable de Gekave El collar\u00edn de perforaci\u00f3n [\/et_pb_text][et_pb_divider color=\u00bb#005ea1&#8243; divider_weight=\u00bb4px\u00bb _builder_version=\u00bb4.7.7&#8243; [&hellip;]\" \/>\n<meta property=\"og:url\" content=\"https:\/\/gekave.nl\/es\/productos\/el-collarin-de-perforacion\/\" \/>\n<meta property=\"og:site_name\" content=\"Gekave\" \/>\n<meta property=\"article:modified_time\" content=\"2021-06-28T08:26:26+00:00\" \/>\n<meta name=\"twitter:card\" content=\"summary_large_image\" \/>\n<meta name=\"twitter:label1\" content=\"Tiempo de lectura\" \/>\n\t<meta name=\"twitter:data1\" content=\"7 minutos\" \/>\n<script type=\"application\/ld+json\" class=\"yoast-schema-graph\">{\"@context\":\"https:\\\/\\\/schema.org\",\"@graph\":[{\"@type\":\"WebPage\",\"@id\":\"https:\\\/\\\/gekave.nl\\\/es\\\/productos\\\/el-collarin-de-perforacion\\\/\",\"url\":\"https:\\\/\\\/gekave.nl\\\/es\\\/productos\\\/el-collarin-de-perforacion\\\/\",\"name\":\"El collar\u00edn de perforaci\u00f3n - Gekave\",\"isPartOf\":{\"@id\":\"https:\\\/\\\/gekave.nl\\\/es\\\/#website\"},\"datePublished\":\"2021-04-29T07:38:32+00:00\",\"dateModified\":\"2021-06-28T08:26:26+00:00\",\"breadcrumb\":{\"@id\":\"https:\\\/\\\/gekave.nl\\\/es\\\/productos\\\/el-collarin-de-perforacion\\\/#breadcrumb\"},\"inLanguage\":\"es\",\"potentialAction\":[{\"@type\":\"ReadAction\",\"target\":[\"https:\\\/\\\/gekave.nl\\\/es\\\/productos\\\/el-collarin-de-perforacion\\\/\"]}]},{\"@type\":\"BreadcrumbList\",\"@id\":\"https:\\\/\\\/gekave.nl\\\/es\\\/productos\\\/el-collarin-de-perforacion\\\/#breadcrumb\",\"itemListElement\":[{\"@type\":\"ListItem\",\"position\":1,\"name\":\"Home\",\"item\":\"https:\\\/\\\/gekave.nl\\\/es\\\/\"},{\"@type\":\"ListItem\",\"position\":2,\"name\":\"Productos\",\"item\":\"https:\\\/\\\/gekave.nl\\\/es\\\/productos\\\/\"},{\"@type\":\"ListItem\",\"position\":3,\"name\":\"El collar\u00edn de perforaci\u00f3n\"}]},{\"@type\":\"WebSite\",\"@id\":\"https:\\\/\\\/gekave.nl\\\/es\\\/#website\",\"url\":\"https:\\\/\\\/gekave.nl\\\/es\\\/\",\"name\":\"Gekave\",\"description\":\"Gekave\",\"potentialAction\":[{\"@type\":\"SearchAction\",\"target\":{\"@type\":\"EntryPoint\",\"urlTemplate\":\"https:\\\/\\\/gekave.nl\\\/es\\\/?s={search_term_string}\"},\"query-input\":{\"@type\":\"PropertyValueSpecification\",\"valueRequired\":true,\"valueName\":\"search_term_string\"}}],\"inLanguage\":\"es\"}]}<\/script>\n<!-- \/ Yoast SEO plugin. -->","yoast_head_json":{"title":"El collar\u00edn de perforaci\u00f3n - Gekave","robots":{"index":"index","follow":"follow","max-snippet":"max-snippet:-1","max-image-preview":"max-image-preview:large","max-video-preview":"max-video-preview:-1"},"canonical":"https:\/\/gekave.nl\/es\/productos\/el-collarin-de-perforacion\/","og_locale":"es_ES","og_type":"article","og_title":"El collar\u00edn de perforaci\u00f3n - Gekave","og_description":"[et_pb_section fb_built=\u00bb1&#8243; admin_label=\u00bbHeader\u00bb module_class=\u00bbhome3-header\u00bb _builder_version=\u00bb4.9.2&#8243; background_color=\u00bbrgba(0,0,0,0)\u00bb use_background_color_gradient=\u00bbon\u00bb background_color_gradient_start=\u00bbrgba(136,136,136,0.81)\u00bb background_color_gradient_end=\u00bbrgba(0,0,0,0)\u00bb background_color_gradient_start_position=\u00bb100%\u00bb background_color_gradient_overlays_image=\u00bbon\u00bb background_image=\u00bbhttps:\/\/gekave.nl\/wp-content\/uploads\/2021\/03\/Gekave-bedrijfspand.jpg\u00bb background_enable_video_mp4=\u00bboff\u00bb custom_margin=\u00bb||||false\u00bb custom_padding=\u00bb3vw||3vw||false|false\u00bb locked=\u00bboff\u00bb][et_pb_row use_custom_gutter=\u00bbon\u00bb gutter_width=\u00bb1&#8243; _builder_version=\u00bb4.7.7&#8243; width=\u00bb100%\u00bb max_width=\u00bb70%\u00bb module_alignment=\u00bbcenter\u00bb custom_margin=\u00bb||||false|false\u00bb use_custom_width=\u00bbon\u00bb custom_width_px=\u00bb700px\u00bb][et_pb_column type=\u00bb4_4&#8243; _builder_version=\u00bb3.25&#8243; custom_padding=\u00bb|||\u00bb custom_padding__hover=\u00bb|||\u00bb][et_pb_text _builder_version=\u00bb4.8.1&#8243; text_font=\u00bb||||||||\u00bb header_font=\u00bb|700|||||||\u00bb header_font_size=\u00bb48px\u00bb header_line_height=\u00bb1.5em\u00bb header_3_font=\u00bb|700|||||||\u00bb header_3_text_color=\u00bb#005ea1&#8243; header_3_font_size=\u00bb14px\u00bb header_3_letter_spacing=\u00bb2px\u00bb header_3_line_height=\u00bb2em\u00bb background_layout=\u00bbdark\u00bb header_font_size_tablet=\u00bb38px\u00bb header_font_size_phone=\u00bb28px\u00bb header_font_size_last_edited=\u00bbon|phone\u00bb] Acero inoxidable de Gekave El collar\u00edn de perforaci\u00f3n [\/et_pb_text][et_pb_divider color=\u00bb#005ea1&#8243; divider_weight=\u00bb4px\u00bb _builder_version=\u00bb4.7.7&#8243; [&hellip;]","og_url":"https:\/\/gekave.nl\/es\/productos\/el-collarin-de-perforacion\/","og_site_name":"Gekave","article_modified_time":"2021-06-28T08:26:26+00:00","twitter_card":"summary_large_image","twitter_misc":{"Tiempo de lectura":"7 minutos"},"schema":{"@context":"https:\/\/schema.org","@graph":[{"@type":"WebPage","@id":"https:\/\/gekave.nl\/es\/productos\/el-collarin-de-perforacion\/","url":"https:\/\/gekave.nl\/es\/productos\/el-collarin-de-perforacion\/","name":"El collar\u00edn de perforaci\u00f3n - Gekave","isPartOf":{"@id":"https:\/\/gekave.nl\/es\/#website"},"datePublished":"2021-04-29T07:38:32+00:00","dateModified":"2021-06-28T08:26:26+00:00","breadcrumb":{"@id":"https:\/\/gekave.nl\/es\/productos\/el-collarin-de-perforacion\/#breadcrumb"},"inLanguage":"es","potentialAction":[{"@type":"ReadAction","target":["https:\/\/gekave.nl\/es\/productos\/el-collarin-de-perforacion\/"]}]},{"@type":"BreadcrumbList","@id":"https:\/\/gekave.nl\/es\/productos\/el-collarin-de-perforacion\/#breadcrumb","itemListElement":[{"@type":"ListItem","position":1,"name":"Home","item":"https:\/\/gekave.nl\/es\/"},{"@type":"ListItem","position":2,"name":"Productos","item":"https:\/\/gekave.nl\/es\/productos\/"},{"@type":"ListItem","position":3,"name":"El collar\u00edn de perforaci\u00f3n"}]},{"@type":"WebSite","@id":"https:\/\/gekave.nl\/es\/#website","url":"https:\/\/gekave.nl\/es\/","name":"Gekave","description":"Gekave","potentialAction":[{"@type":"SearchAction","target":{"@type":"EntryPoint","urlTemplate":"https:\/\/gekave.nl\/es\/?s={search_term_string}"},"query-input":{"@type":"PropertyValueSpecification","valueRequired":true,"valueName":"search_term_string"}}],"inLanguage":"es"}]}},"_links":{"self":[{"href":"https:\/\/gekave.nl\/es\/wp-json\/wp\/v2\/pages\/4157","targetHints":{"allow":["GET"]}}],"collection":[{"href":"https:\/\/gekave.nl\/es\/wp-json\/wp\/v2\/pages"}],"about":[{"href":"https:\/\/gekave.nl\/es\/wp-json\/wp\/v2\/types\/page"}],"author":[{"embeddable":true,"href":"https:\/\/gekave.nl\/es\/wp-json\/wp\/v2\/users\/1"}],"replies":[{"embeddable":true,"href":"https:\/\/gekave.nl\/es\/wp-json\/wp\/v2\/comments?post=4157"}],"version-history":[{"count":6,"href":"https:\/\/gekave.nl\/es\/wp-json\/wp\/v2\/pages\/4157\/revisions"}],"predecessor-version":[{"id":4163,"href":"https:\/\/gekave.nl\/es\/wp-json\/wp\/v2\/pages\/4157\/revisions\/4163"}],"up":[{"embeddable":true,"href":"https:\/\/gekave.nl\/es\/wp-json\/wp\/v2\/pages\/4140"}],"wp:attachment":[{"href":"https:\/\/gekave.nl\/es\/wp-json\/wp\/v2\/media?parent=4157"}],"curies":[{"name":"wp","href":"https:\/\/api.w.org\/{rel}","templated":true}]}}